{"id":35,"date":"2017-12-29T13:07:52","date_gmt":"2017-12-29T13:07:52","guid":{"rendered":"https:\/\/naszswiat.org\/?page_id=35"},"modified":"2024-12-18T17:28:37","modified_gmt":"2024-12-18T17:28:37","slug":"kontakt","status":"publish","type":"page","link":"https:\/\/www.naszswiat.org\/?page_id=35","title":{"rendered":"Kontakt"},"content":{"rendered":"\n<p><\/p>\n\n\n<div align=\"center\">\u00a0<\/div>\n<div align=\"center\"><hr \/><\/div>\n<div align=\"center\"><b>Stowarzyszenie Na Rzecz Integracji Spo\u0142ecznej<\/b><\/div>\n<div align=\"center\"><b>&#8222;Nasz \u015awiat&#8221;<\/b><\/div>\n<div align=\"center\"><b>ul. \u017belazna 44\/4<\/b><\/div>\n<div align=\"center\"><b>53-428 Wroc\u0142aw<\/b><\/div>\n<div align=\"center\">\u00a0<\/div>\n<div align=\"center\"><b>NIP: 915-172-81-70<\/b><\/div>\n<div align=\"center\"><b>\u00a0<\/b><\/div>\n<div align=\"center\">\u00a0<\/div>\n<div align=\"center\"><b>Kontakt mailowy<\/b><\/div>\n<div align=\"center\"><b>\u00a0<\/b><\/div>\n<div align=\"center\"><b>biuro @ naszswiat . org <\/b><\/div>\n<div align=\"center\">\u00a0<\/div>\n<div align=\"center\">\u00a0<\/div>\n<div align=\"center\">\u00a0<b>Konto:<br \/><\/b>\n<p align=\"center\">mBank<\/p>\n<p align=\"center\"><u>nr rachunku:<\/u><\/p>\n<p align=\"center\">\u00a0<b>82 1140 2004 0000 3002 7497 9143<\/b><\/p>\n<\/div>","protected":false},"excerpt":{"rendered":"<p>\u00a0 Stowarzyszenie Na Rzecz Integracji Spo\u0142ecznej &#8222;Nasz \u015awiat&#8221; ul. \u017belazna 44\/4 53-428 Wroc\u0142aw \u00a0 NIP: 915-172-81-70 \u00a0 \u00a0 Kontakt mailowy \u00a0 biuro @ naszswiat . org \u00a0 \u00a0 \u00a0Konto: mBank nr rachunku: \u00a082 1140 2004 0000 3002 7497 9143<\/p>\n","protected":false},"author":1,"featured_media":0,"parent":0,"menu_order":0,"comment_status":"closed","ping_status":"closed","template":"","meta":{"footnotes":""},"class_list":["post-35","page","type-page","status-publish","hentry"],"_links":{"self":[{"href":"https:\/\/www.naszswiat.org\/index.php?rest_route=\/wp\/v2\/pages\/35","targetHints":{"allow":["GET"]}}],"collection":[{"href":"https:\/\/www.naszswiat.org\/index.php?rest_route=\/wp\/v2\/pages"}],"about":[{"href":"https:\/\/www.naszswiat.org\/index.php?rest_route=\/wp\/v2\/types\/page"}],"author":[{"embeddable":true,"href":"https:\/\/www.naszswiat.org\/index.php?rest_route=\/wp\/v2\/users\/1"}],"replies":[{"embeddable":true,"href":"https:\/\/www.naszswiat.org\/index.php?rest_route=%2Fwp%2Fv2%2Fcomments&post=35"}],"version-history":[{"count":14,"href":"https:\/\/www.naszswiat.org\/index.php?rest_route=\/wp\/v2\/pages\/35\/revisions"}],"predecessor-version":[{"id":469,"href":"https:\/\/www.naszswiat.org\/index.php?rest_route=\/wp\/v2\/pages\/35\/revisions\/469"}],"wp:attachment":[{"href":"https:\/\/www.naszswiat.org\/index.php?rest_route=%2Fwp%2Fv2%2Fmedia&parent=35"}],"curies":[{"name":"wp","href":"https:\/\/api.w.org\/{rel}","templated":true}]}}