{"id":40,"date":"2017-12-29T13:20:02","date_gmt":"2017-12-29T13:20:02","guid":{"rendered":"https:\/\/naszswiat.org\/?page_id=40"},"modified":"2025-03-03T17:29:33","modified_gmt":"2025-03-03T17:29:33","slug":"1-podatku","status":"publish","type":"page","link":"https:\/\/www.naszswiat.org\/?page_id=40","title":{"rendered":"1.5% podatku"},"content":{"rendered":"\n<div align=\"center\"><b>Wp\u0142a\u0107 nam 1.5% Twojego podatku. To nic nie kosztuje.<\/b><\/div>\n\n\n<div class=\"wp-block-image\">\n<figure class=\"aligncenter\"><a href=\"https:\/\/www.pitax.pl\/rozlicz\/0000284607\" target=\"_blank\" rel=\"noopener\"><img decoding=\"async\" src=\"https:\/\/www.naszswiat.org\/wp-content\/uploads\/2018\/02\/rozlicz-pit-online-new-button.png\" alt=\"Rozliczenie PIT z PITax.pl\"\/><\/a><\/figure>\n<\/div>\n\n<div class=\"wp-block-image\">\n<figure class=\"aligncenter\"><a href=\"https:\/\/www.pitax.pl\/pobierz\/0000284607\/\"><img decoding=\"async\" src=\"https:\/\/www.naszswiat.org\/wp-content\/uploads\/2018\/02\/Pobierz-pit-button.png\" alt=\"Rozliczenie PIT z PITax.pl\"\/><\/a><\/figure>\n<\/div>\n\n\n<p class=\"has-text-align-center\">Darmowy Program PIT dostarcza<br><a rel=\"noopener\" href=\"https:\/\/www.iwop.pl\/\" target=\"_blank\">Instytut Wsparcia Organizacji Pozarz\u0105dowych<br><\/a> w ramach projektu <a rel=\"noopener\" href=\"https:\/\/www.pitax.pl\/\" target=\"_blank\">PITax.pl<\/a> dla OPP.<\/p>\n\n\n\n<hr class=\"wp-block-separator has-alpha-channel-opacity\"\/>\n\n\n\n<div align=\"justify\">&nbsp;<\/div>\n\n\n\n<div align=\"justify\">&nbsp;&nbsp;&nbsp; W ostatnich rubrykach zeznania podatkowego PIT (28, 36, 36L, 37, 38) wpisujemy numer KRS: 0000284607. Obok wpisujemy tak\u017ce kwot\u0119 1.5% podatku nale\u017cnego, po zaokr\u0105gleniu do pe\u0142nych dziesi\u0105tek groszy w d\u00f3\u0142. 1.5% podatku na konto organizacji przeka\u017ce Urz\u0105d Skarbowy &#8211; nie musisz o nic si\u0119 martwi\u0107.<\/div>\n\n\n<div class=\"wp-block-image\">\n<figure class=\"aligncenter size-large\"><img loading=\"lazy\" decoding=\"async\" width=\"1024\" height=\"284\" src=\"https:\/\/www.naszswiat.org\/wp-content\/uploads\/2023\/01\/1-5proc-1024x284.jpg\" alt=\"\" class=\"wp-image-321\" srcset=\"https:\/\/www.naszswiat.org\/wp-content\/uploads\/2023\/01\/1-5proc-1024x284.jpg 1024w, https:\/\/www.naszswiat.org\/wp-content\/uploads\/2023\/01\/1-5proc-300x83.jpg 300w, https:\/\/www.naszswiat.org\/wp-content\/uploads\/2023\/01\/1-5proc-768x213.jpg 768w, https:\/\/www.naszswiat.org\/wp-content\/uploads\/2023\/01\/1-5proc-1536x425.jpg 1536w, https:\/\/www.naszswiat.org\/wp-content\/uploads\/2023\/01\/1-5proc-2048x567.jpg 2048w\" sizes=\"auto, (max-width: 1024px) 100vw, 1024px\" \/><\/figure>\n<\/div>\n\n\n<p><a href=\"https:\/\/www.pitax.pl\/pobierz\/0000284607\/\">&nbsp;<\/a><\/p>\n\n\n\n<p class=\"has-text-align-center\"><b>&nbsp;Dzi\u0119kujemy<\/b><\/p>\n","protected":false},"excerpt":{"rendered":"<p>Wp\u0142a\u0107 nam 1.5% Twojego podatku. To nic nie kosztuje. Darmowy Program PIT dostarczaInstytut Wsparcia Organizacji Pozarz\u0105dowych w ramach projektu PITax.pl dla OPP. &nbsp; &nbsp;&nbsp;&nbsp; W ostatnich rubrykach zeznania podatkowego PIT (28, 36, 36L, 37, 38) wpisujemy numer KRS: 0000284607. Obok wpisujemy tak\u017ce kwot\u0119 1.5% podatku nale\u017cnego, po zaokr\u0105gleniu do pe\u0142nych dziesi\u0105tek groszy w d\u00f3\u0142. 1.5% &hellip; <a href=\"https:\/\/www.naszswiat.org\/?page_id=40\" class=\"more-link\">Czytaj dalej <span class=\"screen-reader-text\">1.5% podatku<\/span><\/a><\/p>\n","protected":false},"author":1,"featured_media":0,"parent":0,"menu_order":0,"comment_status":"closed","ping_status":"closed","template":"","meta":{"footnotes":""},"class_list":["post-40","page","type-page","status-publish","hentry"],"_links":{"self":[{"href":"https:\/\/www.naszswiat.org\/index.php?rest_route=\/wp\/v2\/pages\/40","targetHints":{"allow":["GET"]}}],"collection":[{"href":"https:\/\/www.naszswiat.org\/index.php?rest_route=\/wp\/v2\/pages"}],"about":[{"href":"https:\/\/www.naszswiat.org\/index.php?rest_route=\/wp\/v2\/types\/page"}],"author":[{"embeddable":true,"href":"https:\/\/www.naszswiat.org\/index.php?rest_route=\/wp\/v2\/users\/1"}],"replies":[{"embeddable":true,"href":"https:\/\/www.naszswiat.org\/index.php?rest_route=%2Fwp%2Fv2%2Fcomments&post=40"}],"version-history":[{"count":28,"href":"https:\/\/www.naszswiat.org\/index.php?rest_route=\/wp\/v2\/pages\/40\/revisions"}],"predecessor-version":[{"id":473,"href":"https:\/\/www.naszswiat.org\/index.php?rest_route=\/wp\/v2\/pages\/40\/revisions\/473"}],"wp:attachment":[{"href":"https:\/\/www.naszswiat.org\/index.php?rest_route=%2Fwp%2Fv2%2Fmedia&parent=40"}],"curies":[{"name":"wp","href":"https:\/\/api.w.org\/{rel}","templated":true}]}}