{"id":441,"date":"2024-01-01T19:29:58","date_gmt":"2024-01-01T19:29:58","guid":{"rendered":"https:\/\/www.naszswiat.org\/?page_id=441"},"modified":"2024-01-01T19:32:13","modified_gmt":"2024-01-01T19:32:13","slug":"wspolpraca","status":"publish","type":"page","link":"https:\/\/www.naszswiat.org\/?page_id=441","title":{"rendered":"Wsp\u00f3\u0142praca"},"content":{"rendered":"\n<p>Zapraszamy do zapoznania si\u0119 z nasz\u0105 ofert\u0105:<br>\u2192 szkolenia dla kadr pedagogicznych oraz rodzic\u00f3w,<br>\u2192 wsparcie psychologiczno-pedagogiczne dla dzieci ze specjalnymi potrzebami edukacyjnymi (SPE) z opiniami i orzeczeniami wraz z zapewnieniem wsparcia terapeutycznego: realizacja zalece\u0144 z opinii i orzecze\u0144 na terenie plac\u00f3wki przedszkolnej lub w naszej poradni z zakresu terapii integracji sensorycznej, terapii logopedycznej i inne.<br><br>Proponujemy aktywno\u015bci, kt\u00f3re b\u0119d\u0105 znakomitym dope\u0142nieniem Pa\u0144stwa programu wychowawczego i dydaktycznego. Oferujemy zaj\u0119cia grupowe oraz indywidualne, a tak\u017ce szkolenia dla nauczycieli, specjalist\u00f3w, rodzic\u00f3w.<br><br>Wycena ka\u017cdej oferty jest dokonywana indywidualnie w zale\u017cno\u015bci od rodzaju i formy wsparcia: szkolenia, terapii lub zaj\u0119\u0107. W celu oszacowania koszt\u00f3w prosimy o kontakt telefoniczny pod numerem telefonu 609 028 393 lub przez kontakt mailowy biuro@naszswiat.org<\/p>\n","protected":false},"excerpt":{"rendered":"<p>Zapraszamy do zapoznania si\u0119 z nasz\u0105 ofert\u0105:\u2192 szkolenia dla kadr pedagogicznych oraz rodzic\u00f3w,\u2192 wsparcie psychologiczno-pedagogiczne dla dzieci ze specjalnymi potrzebami edukacyjnymi (SPE) z opiniami i orzeczeniami wraz z zapewnieniem wsparcia terapeutycznego: realizacja zalece\u0144 z opinii i orzecze\u0144 na terenie plac\u00f3wki przedszkolnej lub w naszej poradni z zakresu terapii integracji sensorycznej, terapii logopedycznej i inne. Proponujemy &hellip; <a href=\"https:\/\/www.naszswiat.org\/?page_id=441\" class=\"more-link\">Czytaj dalej <span class=\"screen-reader-text\">Wsp\u00f3\u0142praca<\/span><\/a><\/p>\n","protected":false},"author":1,"featured_media":0,"parent":0,"menu_order":0,"comment_status":"closed","ping_status":"closed","template":"","meta":{"footnotes":""},"class_list":["post-441","page","type-page","status-publish","hentry"],"_links":{"self":[{"href":"https:\/\/www.naszswiat.org\/index.php?rest_route=\/wp\/v2\/pages\/441","targetHints":{"allow":["GET"]}}],"collection":[{"href":"https:\/\/www.naszswiat.org\/index.php?rest_route=\/wp\/v2\/pages"}],"about":[{"href":"https:\/\/www.naszswiat.org\/index.php?rest_route=\/wp\/v2\/types\/page"}],"author":[{"embeddable":true,"href":"https:\/\/www.naszswiat.org\/index.php?rest_route=\/wp\/v2\/users\/1"}],"replies":[{"embeddable":true,"href":"https:\/\/www.naszswiat.org\/index.php?rest_route=%2Fwp%2Fv2%2Fcomments&post=441"}],"version-history":[{"count":2,"href":"https:\/\/www.naszswiat.org\/index.php?rest_route=\/wp\/v2\/pages\/441\/revisions"}],"predecessor-version":[{"id":444,"href":"https:\/\/www.naszswiat.org\/index.php?rest_route=\/wp\/v2\/pages\/441\/revisions\/444"}],"wp:attachment":[{"href":"https:\/\/www.naszswiat.org\/index.php?rest_route=%2Fwp%2Fv2%2Fmedia&parent=441"}],"curies":[{"name":"wp","href":"https:\/\/api.w.org\/{rel}","templated":true}]}}