{"id":6,"date":"2017-12-29T11:51:45","date_gmt":"2017-12-29T11:51:45","guid":{"rendered":"https:\/\/naszswiat.org\/?page_id=6"},"modified":"2024-12-18T17:27:12","modified_gmt":"2024-12-18T17:27:12","slug":"strona-glowna","status":"publish","type":"page","link":"https:\/\/www.naszswiat.org\/","title":{"rendered":"Stowarzyszenie"},"content":{"rendered":"\n<p><\/p>\n\n\n\n<p><\/p>\n\n\n\n<div class=\"wp-block-group\"><div class=\"wp-block-group__inner-container is-layout-flow wp-block-group-is-layout-flow\">\n<p class=\"has-text-align-left\"><\/p>\n<\/div><\/div>\n\n\n<p>Stowarzyszenie jako organizacja po\u017cytku publicznego dzia\u0142a od 2007 roku.<\/p>\n<p>Celem statutowym Stowarzyszenia jest szeroko rozumiana integracja spo\u0142eczna.<\/p>\n<p>Dzia\u0142ania realizuj\u0105ce cele statutowe to:<\/p>\n<ul>\n<li>dzia\u0142ania na rzecz os\u00f3b z niepe\u0142nosprawno\u015bciami, prowadzenie terapii, udzielanie wsparcia rodzicom<\/li>\n<li>zak\u0142adanie i prowadzenie plac\u00f3wek opieki i edukacji<\/li>\n<li>dzia\u0142alno\u015b\u0107 szkoleniowa<\/li>\n<li>wsparcie materialne<\/li>\n<\/ul>\n<p>W ramach prowadzonej dzia\u0142alno\u015bci:<\/p>\n<ul>\n<li>prowadzimy spotkania dla rodzic\u00f3w<\/li>\n<li>prowadzimy zaj\u0119cia dla dzieci w wieku przedszkolnym<\/li>\n<li>wspieramy rodzic\u00f3w dzieci z trudno\u015bciami<\/li>\n<li>publikujemy gazetki tematyczne<\/li>\n<li>wsp\u00f3\u0142pracujemy z plac\u00f3wkami o\u015bwiatowymi<\/li>\n<\/ul>\n<p style=\"text-align: center;\">","protected":false},"excerpt":{"rendered":"<p>Stowarzyszenie jako organizacja po\u017cytku publicznego dzia\u0142a od 2007 roku. Celem statutowym Stowarzyszenia jest szeroko rozumiana integracja spo\u0142eczna. Dzia\u0142ania realizuj\u0105ce cele statutowe to: dzia\u0142ania na rzecz os\u00f3b z niepe\u0142nosprawno\u015bciami, prowadzenie terapii, udzielanie wsparcia rodzicom zak\u0142adanie i prowadzenie plac\u00f3wek opieki i edukacji dzia\u0142alno\u015b\u0107 szkoleniowa wsparcie materialne W ramach prowadzonej dzia\u0142alno\u015bci: prowadzimy spotkania dla rodzic\u00f3w prowadzimy zaj\u0119cia dla &hellip; <a href=\"https:\/\/www.naszswiat.org\/\" class=\"more-link\">Czytaj dalej <span class=\"screen-reader-text\">Stowarzyszenie<\/span><\/a><\/p>\n","protected":false},"author":1,"featured_media":0,"parent":0,"menu_order":0,"comment_status":"closed","ping_status":"closed","template":"","meta":{"footnotes":""},"class_list":["post-6","page","type-page","status-publish","hentry"],"_links":{"self":[{"href":"https:\/\/www.naszswiat.org\/index.php?rest_route=\/wp\/v2\/pages\/6","targetHints":{"allow":["GET"]}}],"collection":[{"href":"https:\/\/www.naszswiat.org\/index.php?rest_route=\/wp\/v2\/pages"}],"about":[{"href":"https:\/\/www.naszswiat.org\/index.php?rest_route=\/wp\/v2\/types\/page"}],"author":[{"embeddable":true,"href":"https:\/\/www.naszswiat.org\/index.php?rest_route=\/wp\/v2\/users\/1"}],"replies":[{"embeddable":true,"href":"https:\/\/www.naszswiat.org\/index.php?rest_route=%2Fwp%2Fv2%2Fcomments&post=6"}],"version-history":[{"count":37,"href":"https:\/\/www.naszswiat.org\/index.php?rest_route=\/wp\/v2\/pages\/6\/revisions"}],"predecessor-version":[{"id":466,"href":"https:\/\/www.naszswiat.org\/index.php?rest_route=\/wp\/v2\/pages\/6\/revisions\/466"}],"wp:attachment":[{"href":"https:\/\/www.naszswiat.org\/index.php?rest_route=%2Fwp%2Fv2%2Fmedia&parent=6"}],"curies":[{"name":"wp","href":"https:\/\/api.w.org\/{rel}","templated":true}]}}